{"id":98,"date":"2023-01-24T10:38:34","date_gmt":"2023-01-24T09:38:34","guid":{"rendered":"https:\/\/mcellulegraphique.com\/?page_id=98"},"modified":"2023-01-27T10:27:25","modified_gmt":"2023-01-27T09:27:25","slug":"solution-web","status":"publish","type":"page","link":"https:\/\/mcellulegraphique.com\/index.php\/solution-web\/","title":{"rendered":"Solution web"},"content":{"rendered":"\t\t<div data-elementor-type=\"wp-page\" data-elementor-id=\"98\" class=\"elementor elementor-98\">\n\t\t\t\t\t\t<section class=\"elementor-section elementor-top-section elementor-element elementor-element-53122f5 elementor-section-boxed elementor-section-height-default elementor-section-height-default\" data-id=\"53122f5\" data-element_type=\"section\">\n\t\t\t\t\t\t<div class=\"elementor-container elementor-column-gap-default\">\n\t\t\t\t\t<div class=\"elementor-column elementor-col-50 elementor-top-column elementor-element elementor-element-b12e6e1\" data-id=\"b12e6e1\" data-element_type=\"column\">\n\t\t\t<div class=\"elementor-widget-wrap elementor-element-populated\">\n\t\t\t\t\t\t<div class=\"elementor-element elementor-element-17928dd elementor-widget elementor-widget-text-editor\" data-id=\"17928dd\" data-element_type=\"widget\" data-widget_type=\"text-editor.default\">\n\t\t\t\t<div class=\"elementor-widget-container\">\n\t\t\t\t\t\t\t\t\t<h2 style=\"text-align: center;\">Solution web<span style=\"color: #f9b00e;\">.<\/span><\/h2>\t\t\t\t\t\t\t\t<\/div>\n\t\t\t\t<\/div>\n\t\t\t\t<div class=\"elementor-element elementor-element-eaf5207 elementor-widget-divider--view-line elementor-widget elementor-widget-divider\" data-id=\"eaf5207\" data-element_type=\"widget\" data-widget_type=\"divider.default\">\n\t\t\t\t<div class=\"elementor-widget-container\">\n\t\t\t\t\t\t\t<div class=\"elementor-divider\">\n\t\t\t<span class=\"elementor-divider-separator\">\n\t\t\t\t\t\t<\/span>\n\t\t<\/div>\n\t\t\t\t\t\t<\/div>\n\t\t\t\t<\/div>\n\t\t\t\t\t<\/div>\n\t\t<\/div>\n\t\t\t\t<div class=\"elementor-column elementor-col-50 elementor-top-column elementor-element elementor-element-931cac6\" data-id=\"931cac6\" data-element_type=\"column\">\n\t\t\t<div class=\"elementor-widget-wrap elementor-element-populated\">\n\t\t\t\t\t\t<div class=\"elementor-element elementor-element-5242aa8 elementor-widget elementor-widget-image\" data-id=\"5242aa8\" data-element_type=\"widget\" data-widget_type=\"image.default\">\n\t\t\t\t<div class=\"elementor-widget-container\">\n\t\t\t\t\t\t\t\t\t\t\t\t\t\t\t<img fetchpriority=\"high\" decoding=\"async\" width=\"1000\" height=\"1000\" src=\"https:\/\/mcellulegraphique.com\/wp-content\/uploads\/2023\/01\/sitenaturopathe.jpg\" class=\"attachment-large size-large wp-image-211\" alt=\"\" srcset=\"https:\/\/mcellulegraphique.com\/wp-content\/uploads\/2023\/01\/sitenaturopathe.jpg 1000w, https:\/\/mcellulegraphique.com\/wp-content\/uploads\/2023\/01\/sitenaturopathe-300x300.jpg 300w, https:\/\/mcellulegraphique.com\/wp-content\/uploads\/2023\/01\/sitenaturopathe-150x150.jpg 150w, https:\/\/mcellulegraphique.com\/wp-content\/uploads\/2023\/01\/sitenaturopathe-768x768.jpg 768w, https:\/\/mcellulegraphique.com\/wp-content\/uploads\/2023\/01\/sitenaturopathe-60x60.jpg 60w\" sizes=\"(max-width: 1000px) 100vw, 1000px\" \/>\t\t\t\t\t\t\t\t\t\t\t\t\t\t\t<\/div>\n\t\t\t\t<\/div>\n\t\t\t\t\t<\/div>\n\t\t<\/div>\n\t\t\t\t\t<\/div>\n\t\t<\/section>\n\t\t\t\t<section class=\"elementor-section elementor-top-section elementor-element elementor-element-de42794 elementor-section-boxed elementor-section-height-default elementor-section-height-default\" data-id=\"de42794\" data-element_type=\"section\">\n\t\t\t\t\t\t<div class=\"elementor-container elementor-column-gap-default\">\n\t\t\t\t\t<div class=\"elementor-column elementor-col-100 elementor-top-column elementor-element elementor-element-b191cb4\" data-id=\"b191cb4\" data-element_type=\"column\">\n\t\t\t<div class=\"elementor-widget-wrap elementor-element-populated\">\n\t\t\t\t\t\t<div class=\"elementor-element elementor-element-f61b521 elementor-widget elementor-widget-text-editor\" data-id=\"f61b521\" data-element_type=\"widget\" data-widget_type=\"text-editor.default\">\n\t\t\t\t<div class=\"elementor-widget-container\">\n\t\t\t\t\t\t\t\t\t<p style=\"text-align: center;\">Votre pr\u00e9sence sur le web est aujourd&rsquo;hui indispensable :<br \/>cr\u00e9ation et personnalisation de site internet, banni\u00e8res, animations gif, Emailing,\u00a0conseils en h\u00e9bergement, nom de domaine<\/p>\t\t\t\t\t\t\t\t<\/div>\n\t\t\t\t<\/div>\n\t\t\t\t\t<\/div>\n\t\t<\/div>\n\t\t\t\t\t<\/div>\n\t\t<\/section>\n\t\t\t\t<section class=\"elementor-section elementor-top-section elementor-element elementor-element-d5aa3bc elementor-section-boxed elementor-section-height-default elementor-section-height-default\" data-id=\"d5aa3bc\" data-element_type=\"section\">\n\t\t\t\t\t\t<div class=\"elementor-container elementor-column-gap-default\">\n\t\t\t\t\t<div class=\"elementor-column elementor-col-33 elementor-top-column elementor-element elementor-element-efcabfe\" data-id=\"efcabfe\" data-element_type=\"column\">\n\t\t\t<div class=\"elementor-widget-wrap elementor-element-populated\">\n\t\t\t\t\t\t<div class=\"elementor-element elementor-element-5366011 elementor-widget elementor-widget-image\" data-id=\"5366011\" data-element_type=\"widget\" data-widget_type=\"image.default\">\n\t\t\t\t<div class=\"elementor-widget-container\">\n\t\t\t\t\t\t\t\t\t\t\t\t\t\t\t<img decoding=\"async\" width=\"1000\" height=\"1000\" src=\"https:\/\/mcellulegraphique.com\/wp-content\/uploads\/2023\/01\/Site-internet.jpg\" class=\"attachment-large size-large wp-image-101\" alt=\"\" srcset=\"https:\/\/mcellulegraphique.com\/wp-content\/uploads\/2023\/01\/Site-internet.jpg 1000w, https:\/\/mcellulegraphique.com\/wp-content\/uploads\/2023\/01\/Site-internet-300x300.jpg 300w, https:\/\/mcellulegraphique.com\/wp-content\/uploads\/2023\/01\/Site-internet-150x150.jpg 150w, https:\/\/mcellulegraphique.com\/wp-content\/uploads\/2023\/01\/Site-internet-768x768.jpg 768w, https:\/\/mcellulegraphique.com\/wp-content\/uploads\/2023\/01\/Site-internet-60x60.jpg 60w\" sizes=\"(max-width: 1000px) 100vw, 1000px\" \/>\t\t\t\t\t\t\t\t\t\t\t\t\t\t\t<\/div>\n\t\t\t\t<\/div>\n\t\t\t\t<div class=\"elementor-element elementor-element-4d57c05 elementor-align-center elementor-widget elementor-widget-button\" data-id=\"4d57c05\" data-element_type=\"widget\" data-widget_type=\"button.default\">\n\t\t\t\t<div class=\"elementor-widget-container\">\n\t\t\t\t\t\t\t\t\t<div class=\"elementor-button-wrapper\">\n\t\t\t\t\t<a class=\"elementor-button elementor-button-link elementor-size-sm\" href=\"\" target=\"_blank\">\n\t\t\t\t\t\t<span class=\"elementor-button-content-wrapper\">\n\t\t\t\t\t\t\t\t\t<span class=\"elementor-button-text\">Voir le site<\/span>\n\t\t\t\t\t<\/span>\n\t\t\t\t\t<\/a>\n\t\t\t\t<\/div>\n\t\t\t\t\t\t\t\t<\/div>\n\t\t\t\t<\/div>\n\t\t\t\t\t<\/div>\n\t\t<\/div>\n\t\t\t\t<div class=\"elementor-column elementor-col-33 elementor-top-column elementor-element elementor-element-229da4a\" data-id=\"229da4a\" data-element_type=\"column\">\n\t\t\t<div class=\"elementor-widget-wrap elementor-element-populated\">\n\t\t\t\t\t\t<div class=\"elementor-element elementor-element-797d102 elementor-widget elementor-widget-image\" data-id=\"797d102\" data-element_type=\"widget\" data-widget_type=\"image.default\">\n\t\t\t\t<div class=\"elementor-widget-container\">\n\t\t\t\t\t\t\t\t\t\t\t\t\t\t\t<img decoding=\"async\" width=\"1000\" height=\"1000\" src=\"https:\/\/mcellulegraphique.com\/wp-content\/uploads\/2023\/01\/Anne-Laure.jpg\" class=\"attachment-large size-large wp-image-178\" alt=\"\" srcset=\"https:\/\/mcellulegraphique.com\/wp-content\/uploads\/2023\/01\/Anne-Laure.jpg 1000w, https:\/\/mcellulegraphique.com\/wp-content\/uploads\/2023\/01\/Anne-Laure-300x300.jpg 300w, https:\/\/mcellulegraphique.com\/wp-content\/uploads\/2023\/01\/Anne-Laure-150x150.jpg 150w, https:\/\/mcellulegraphique.com\/wp-content\/uploads\/2023\/01\/Anne-Laure-768x768.jpg 768w, https:\/\/mcellulegraphique.com\/wp-content\/uploads\/2023\/01\/Anne-Laure-60x60.jpg 60w\" sizes=\"(max-width: 1000px) 100vw, 1000px\" \/>\t\t\t\t\t\t\t\t\t\t\t\t\t\t\t<\/div>\n\t\t\t\t<\/div>\n\t\t\t\t<div class=\"elementor-element elementor-element-ae68fcd elementor-align-center elementor-widget elementor-widget-button\" data-id=\"ae68fcd\" data-element_type=\"widget\" data-widget_type=\"button.default\">\n\t\t\t\t<div class=\"elementor-widget-container\">\n\t\t\t\t\t\t\t\t\t<div class=\"elementor-button-wrapper\">\n\t\t\t\t\t<a class=\"elementor-button elementor-button-link elementor-size-sm\" href=\"https:\/\/annelauredardillac.com\" target=\"_blank\">\n\t\t\t\t\t\t<span class=\"elementor-button-content-wrapper\">\n\t\t\t\t\t\t\t\t\t<span class=\"elementor-button-text\">Voir le site<\/span>\n\t\t\t\t\t<\/span>\n\t\t\t\t\t<\/a>\n\t\t\t\t<\/div>\n\t\t\t\t\t\t\t\t<\/div>\n\t\t\t\t<\/div>\n\t\t\t\t\t<\/div>\n\t\t<\/div>\n\t\t\t\t<div class=\"elementor-column elementor-col-33 elementor-top-column elementor-element elementor-element-1ed5e8d\" data-id=\"1ed5e8d\" data-element_type=\"column\">\n\t\t\t<div class=\"elementor-widget-wrap elementor-element-populated\">\n\t\t\t\t\t\t<div class=\"elementor-element elementor-element-87863ac elementor-widget elementor-widget-image\" data-id=\"87863ac\" data-element_type=\"widget\" data-widget_type=\"image.default\">\n\t\t\t\t<div class=\"elementor-widget-container\">\n\t\t\t\t\t\t\t\t\t\t\t\t\t\t\t<img loading=\"lazy\" decoding=\"async\" width=\"1000\" height=\"1000\" src=\"https:\/\/mcellulegraphique.com\/wp-content\/uploads\/2023\/01\/site-david-robin.jpg\" class=\"attachment-large size-large wp-image-180\" alt=\"\" srcset=\"https:\/\/mcellulegraphique.com\/wp-content\/uploads\/2023\/01\/site-david-robin.jpg 1000w, https:\/\/mcellulegraphique.com\/wp-content\/uploads\/2023\/01\/site-david-robin-300x300.jpg 300w, https:\/\/mcellulegraphique.com\/wp-content\/uploads\/2023\/01\/site-david-robin-150x150.jpg 150w, https:\/\/mcellulegraphique.com\/wp-content\/uploads\/2023\/01\/site-david-robin-768x768.jpg 768w, https:\/\/mcellulegraphique.com\/wp-content\/uploads\/2023\/01\/site-david-robin-60x60.jpg 60w\" sizes=\"(max-width: 1000px) 100vw, 1000px\" \/>\t\t\t\t\t\t\t\t\t\t\t\t\t\t\t<\/div>\n\t\t\t\t<\/div>\n\t\t\t\t<div class=\"elementor-element elementor-element-d6e5201 elementor-align-center elementor-widget elementor-widget-button\" data-id=\"d6e5201\" data-element_type=\"widget\" data-widget_type=\"button.default\">\n\t\t\t\t<div class=\"elementor-widget-container\">\n\t\t\t\t\t\t\t\t\t<div class=\"elementor-button-wrapper\">\n\t\t\t\t\t<a class=\"elementor-button elementor-button-link elementor-size-sm\" href=\"https:\/\/www.david-robin.fr\" target=\"_blank\">\n\t\t\t\t\t\t<span class=\"elementor-button-content-wrapper\">\n\t\t\t\t\t\t\t\t\t<span class=\"elementor-button-text\">Voir le site<\/span>\n\t\t\t\t\t<\/span>\n\t\t\t\t\t<\/a>\n\t\t\t\t<\/div>\n\t\t\t\t\t\t\t\t<\/div>\n\t\t\t\t<\/div>\n\t\t\t\t\t<\/div>\n\t\t<\/div>\n\t\t\t\t\t<\/div>\n\t\t<\/section>\n\t\t\t\t<section class=\"elementor-section elementor-top-section elementor-element elementor-element-aa5ae5e elementor-section-boxed elementor-section-height-default elementor-section-height-default\" data-id=\"aa5ae5e\" data-element_type=\"section\">\n\t\t\t\t\t\t<div class=\"elementor-container elementor-column-gap-default\">\n\t\t\t\t\t<div class=\"elementor-column elementor-col-33 elementor-top-column elementor-element elementor-element-2e5d9aa\" data-id=\"2e5d9aa\" data-element_type=\"column\">\n\t\t\t<div class=\"elementor-widget-wrap elementor-element-populated\">\n\t\t\t\t\t\t<div class=\"elementor-element elementor-element-e229df3 elementor-widget elementor-widget-image\" data-id=\"e229df3\" data-element_type=\"widget\" data-widget_type=\"image.default\">\n\t\t\t\t<div class=\"elementor-widget-container\">\n\t\t\t\t\t\t\t\t\t\t\t\t\t\t\t<img loading=\"lazy\" decoding=\"async\" width=\"1000\" height=\"1000\" src=\"https:\/\/mcellulegraphique.com\/wp-content\/uploads\/2023\/01\/Sitemariealexandra.jpg\" class=\"attachment-large size-large wp-image-100\" alt=\"\" srcset=\"https:\/\/mcellulegraphique.com\/wp-content\/uploads\/2023\/01\/Sitemariealexandra.jpg 1000w, https:\/\/mcellulegraphique.com\/wp-content\/uploads\/2023\/01\/Sitemariealexandra-300x300.jpg 300w, https:\/\/mcellulegraphique.com\/wp-content\/uploads\/2023\/01\/Sitemariealexandra-150x150.jpg 150w, https:\/\/mcellulegraphique.com\/wp-content\/uploads\/2023\/01\/Sitemariealexandra-768x768.jpg 768w, https:\/\/mcellulegraphique.com\/wp-content\/uploads\/2023\/01\/Sitemariealexandra-60x60.jpg 60w\" sizes=\"(max-width: 1000px) 100vw, 1000px\" \/>\t\t\t\t\t\t\t\t\t\t\t\t\t\t\t<\/div>\n\t\t\t\t<\/div>\n\t\t\t\t<div class=\"elementor-element elementor-element-205af90 elementor-align-center elementor-widget elementor-widget-button\" data-id=\"205af90\" data-element_type=\"widget\" data-widget_type=\"button.default\">\n\t\t\t\t<div class=\"elementor-widget-container\">\n\t\t\t\t\t\t\t\t\t<div class=\"elementor-button-wrapper\">\n\t\t\t\t\t<a class=\"elementor-button elementor-button-link elementor-size-sm\" href=\"https:\/\/www.makasolterpere.fr\" target=\"_blank\">\n\t\t\t\t\t\t<span class=\"elementor-button-content-wrapper\">\n\t\t\t\t\t\t\t\t\t<span class=\"elementor-button-text\">Voir le site<\/span>\n\t\t\t\t\t<\/span>\n\t\t\t\t\t<\/a>\n\t\t\t\t<\/div>\n\t\t\t\t\t\t\t\t<\/div>\n\t\t\t\t<\/div>\n\t\t\t\t\t<\/div>\n\t\t<\/div>\n\t\t\t\t<div class=\"elementor-column elementor-col-33 elementor-top-column elementor-element elementor-element-e097274\" data-id=\"e097274\" data-element_type=\"column\">\n\t\t\t<div class=\"elementor-widget-wrap\">\n\t\t\t\t\t\t\t<\/div>\n\t\t<\/div>\n\t\t\t\t<div class=\"elementor-column elementor-col-33 elementor-top-column elementor-element elementor-element-c7a505f\" data-id=\"c7a505f\" data-element_type=\"column\">\n\t\t\t<div class=\"elementor-widget-wrap\">\n\t\t\t\t\t\t\t<\/div>\n\t\t<\/div>\n\t\t\t\t\t<\/div>\n\t\t<\/section>\n\t\t\t\t<\/div>\n\t\t","protected":false},"excerpt":{"rendered":"<p>Solution web. Votre pr\u00e9sence sur le web est aujourd&rsquo;hui indispensable :cr\u00e9ation et personnalisation de site internet, banni\u00e8res, animations gif, Emailing,\u00a0conseils en h\u00e9bergement, nom de domaine &hellip; <\/p>\n","protected":false},"author":1,"featured_media":0,"parent":0,"menu_order":0,"comment_status":"closed","ping_status":"closed","template":"elementor_header_footer","meta":{"footnotes":""},"class_list":["post-98","page","type-page","status-publish","hentry"],"_links":{"self":[{"href":"https:\/\/mcellulegraphique.com\/index.php\/wp-json\/wp\/v2\/pages\/98","targetHints":{"allow":["GET"]}}],"collection":[{"href":"https:\/\/mcellulegraphique.com\/index.php\/wp-json\/wp\/v2\/pages"}],"about":[{"href":"https:\/\/mcellulegraphique.com\/index.php\/wp-json\/wp\/v2\/types\/page"}],"author":[{"embeddable":true,"href":"https:\/\/mcellulegraphique.com\/index.php\/wp-json\/wp\/v2\/users\/1"}],"replies":[{"embeddable":true,"href":"https:\/\/mcellulegraphique.com\/index.php\/wp-json\/wp\/v2\/comments?post=98"}],"version-history":[{"count":42,"href":"https:\/\/mcellulegraphique.com\/index.php\/wp-json\/wp\/v2\/pages\/98\/revisions"}],"predecessor-version":[{"id":238,"href":"https:\/\/mcellulegraphique.com\/index.php\/wp-json\/wp\/v2\/pages\/98\/revisions\/238"}],"wp:attachment":[{"href":"https:\/\/mcellulegraphique.com\/index.php\/wp-json\/wp\/v2\/media?parent=98"}],"curies":[{"name":"wp","href":"https:\/\/api.w.org\/{rel}","templated":true}]}}